{"id":456,"date":"2020-12-11T15:39:45","date_gmt":"2020-12-11T14:39:45","guid":{"rendered":"https:\/\/www.ctb-fit.de\/ctb-store\/"},"modified":"2021-01-21T12:25:42","modified_gmt":"2021-01-21T11:25:42","slug":"ctb-store","status":"publish","type":"page","link":"https:\/\/www.ctb-fit.de\/en\/ctb-store\/","title":{"rendered":"Contact"},"content":{"rendered":"<div id='av_section_1'  class='avia-section av-kfvnatxk-56ba4aeaa3faae39f46cf7d602b8da70 main_color avia-section-large avia-no-border-styling  avia-builder-el-0  el_before_av_section  avia-builder-el-first  small-wrapper avia-bg-style-scroll container_wrap fullsize'  ><div class='container av-section-cont-open' ><main  role=\"main\" itemprop=\"mainContentOfPage\"  class='template-page content  av-content-full alpha units'><div class='post-entry post-entry-type-page post-entry-456'><div class='entry-content-wrapper clearfix'>\n\n<style type=\"text\/css\" data-created_by=\"avia_inline_auto\" id=\"style-css-av-kfvndze7-3d3f4729c7ae1a3d9ebed1218135456a\">\n.flex_column.av-kfvndze7-3d3f4729c7ae1a3d9ebed1218135456a{\nborder-radius:0px 0px 0px 0px;\npadding:0px 0px 0px 0px;\n}\n<\/style>\n<div  class='flex_column av-kfvndze7-3d3f4729c7ae1a3d9ebed1218135456a av_three_fifth  avia-builder-el-1  el_before_av_two_fifth  avia-builder-el-first  first no_margin av-break-at-tablet flex_column_div av-zero-column-padding  '     ><div  class='avia-slideshow av-kfvn96uy-de67f6a4a6710d684b6d134bf196aa88 avia-slideshow-no scaling av_slideshow avia-slide-slider  avia-builder-el-2  avia-builder-el-no-sibling  av-slideshow-ui av-control-minimal av-slideshow-autoplay av-loop-endless av-loop-manual-endless av-default-height-applied avia-slideshow-1' data-slideshow-options=\"{&quot;animation&quot;:&quot;slide&quot;,&quot;autoplay&quot;:true,&quot;loop_autoplay&quot;:&quot;endless&quot;,&quot;interval&quot;:5,&quot;loop_manual&quot;:&quot;manual-endless&quot;,&quot;autoplay_stopper&quot;:false,&quot;noNavigation&quot;:false,&quot;bg_slider&quot;:false,&quot;keep_padding&quot;:false,&quot;hoverpause&quot;:false,&quot;show_slide_delay&quot;:0}\"  itemprop=\"image\" itemscope=\"itemscope\" itemtype=\"https:\/\/schema.org\/ImageObject\" ><ul class='avia-slideshow-inner ' style='padding-bottom: 56.315789473684%;'><li  class='avia-slideshow-slide av-kfvn96uy-de67f6a4a6710d684b6d134bf196aa88__0  slide-1 slide-odd'><div data-rel='slideshow-1' class='avia-slide-wrap '   ><img decoding=\"async\" loading=\"lazy\" class=\"wp-image-212 avia-img-lazy-loading-212\"  src=\"https:\/\/www.ctb-fit.de\/wp-content\/uploads\/2020\/10\/cryotherapie_berlin_store_west_01.jpg\" width=\"1140\" height=\"642\" title='cryotherapie_berlin_store_west_01' alt=''  itemprop=\"thumbnailUrl\" srcset=\"https:\/\/www.ctb-fit.de\/wp-content\/uploads\/2020\/10\/cryotherapie_berlin_store_west_01.jpg 1140w, https:\/\/www.ctb-fit.de\/wp-content\/uploads\/2020\/10\/cryotherapie_berlin_store_west_01-300x169.jpg 300w, https:\/\/www.ctb-fit.de\/wp-content\/uploads\/2020\/10\/cryotherapie_berlin_store_west_01-1030x580.jpg 1030w, https:\/\/www.ctb-fit.de\/wp-content\/uploads\/2020\/10\/cryotherapie_berlin_store_west_01-768x433.jpg 768w, https:\/\/www.ctb-fit.de\/wp-content\/uploads\/2020\/10\/cryotherapie_berlin_store_west_01-705x397.jpg 705w\" sizes=\"(max-width: 1140px) 100vw, 1140px\" \/><\/div><\/li><li  class='avia-slideshow-slide av-kfvn96uy-de67f6a4a6710d684b6d134bf196aa88__1  slide-2 slide-even'><div data-rel='slideshow-1' class='avia-slide-wrap '   ><img decoding=\"async\" loading=\"lazy\" class=\"wp-image-210 avia-img-lazy-loading-210\"  src=\"https:\/\/www.ctb-fit.de\/wp-content\/uploads\/2020\/10\/cryotherapie_berlin_store_west_02.jpg\" width=\"1140\" height=\"642\" title='cryotherapie_berlin_store_west_02' alt=''  itemprop=\"thumbnailUrl\" srcset=\"https:\/\/www.ctb-fit.de\/wp-content\/uploads\/2020\/10\/cryotherapie_berlin_store_west_02.jpg 1140w, https:\/\/www.ctb-fit.de\/wp-content\/uploads\/2020\/10\/cryotherapie_berlin_store_west_02-300x169.jpg 300w, https:\/\/www.ctb-fit.de\/wp-content\/uploads\/2020\/10\/cryotherapie_berlin_store_west_02-1030x580.jpg 1030w, https:\/\/www.ctb-fit.de\/wp-content\/uploads\/2020\/10\/cryotherapie_berlin_store_west_02-768x433.jpg 768w, https:\/\/www.ctb-fit.de\/wp-content\/uploads\/2020\/10\/cryotherapie_berlin_store_west_02-705x397.jpg 705w\" sizes=\"(max-width: 1140px) 100vw, 1140px\" \/><\/div><\/li><li  class='avia-slideshow-slide av-kfvn96uy-de67f6a4a6710d684b6d134bf196aa88__2  slide-3 slide-odd'><div data-rel='slideshow-1' class='avia-slide-wrap '   ><img decoding=\"async\" loading=\"lazy\" class=\"wp-image-208 avia-img-lazy-loading-208\"  src=\"https:\/\/www.ctb-fit.de\/wp-content\/uploads\/2020\/10\/cryotherapie_berlin_store_west_03.jpg\" width=\"1140\" height=\"642\" title='cryotherapie_berlin_store_west_03' alt=''  itemprop=\"thumbnailUrl\" srcset=\"https:\/\/www.ctb-fit.de\/wp-content\/uploads\/2020\/10\/cryotherapie_berlin_store_west_03.jpg 1140w, https:\/\/www.ctb-fit.de\/wp-content\/uploads\/2020\/10\/cryotherapie_berlin_store_west_03-300x169.jpg 300w, https:\/\/www.ctb-fit.de\/wp-content\/uploads\/2020\/10\/cryotherapie_berlin_store_west_03-1030x580.jpg 1030w, https:\/\/www.ctb-fit.de\/wp-content\/uploads\/2020\/10\/cryotherapie_berlin_store_west_03-768x433.jpg 768w, https:\/\/www.ctb-fit.de\/wp-content\/uploads\/2020\/10\/cryotherapie_berlin_store_west_03-705x397.jpg 705w\" sizes=\"(max-width: 1140px) 100vw, 1140px\" \/><\/div><\/li><\/ul><div class='avia-slideshow-arrows avia-slideshow-controls' ><a href='#prev' class='prev-slide ' aria-hidden='true' data-av_icon='\ue87c' data-av_iconfont='entypo-fontello'  tabindex='-1'>Previous<\/a><a href='#next' class='next-slide ' aria-hidden='true' data-av_icon='\ue87d' data-av_iconfont='entypo-fontello'  tabindex='-1'>Next<\/a><\/div><div class='avia-slideshow-dots avia-slideshow-controls'><a href='#1' class='goto-slide active' >1<\/a><a href='#2' class='goto-slide ' >2<\/a><a href='#3' class='goto-slide ' >3<\/a><\/div><\/div><\/div>\n<style type=\"text\/css\" data-created_by=\"avia_inline_auto\" id=\"style-css-av-kfvixb64-1e130d28b3c79ce92a7fd686cbfd5b8d\">\n.flex_column.av-kfvixb64-1e130d28b3c79ce92a7fd686cbfd5b8d{\nborder-radius:0px 0px 0px 0px;\npadding:0 0 0 0;\n}\n<\/style>\n<div  class='flex_column av-kfvixb64-1e130d28b3c79ce92a7fd686cbfd5b8d av_two_fifth  avia-builder-el-3  el_after_av_three_fifth  avia-builder-el-last  padding-80-50-70-100 no_margin av-break-at-tablet flex_column_div av-zero-column-padding  '     ><style type=\"text\/css\" data-created_by=\"avia_inline_auto\" id=\"style-css-av-kfvg5ekp-99f51f910ae62fcc6f3ddf54aa335439\">\n#top .av_textblock_section.av-kfvg5ekp-99f51f910ae62fcc6f3ddf54aa335439 .avia_textblock{\ncolor:#ef7d00;\n}\n<\/style>\n<section  class='av_textblock_section av-kfvg5ekp-99f51f910ae62fcc6f3ddf54aa335439 '   itemscope=\"itemscope\" itemtype=\"https:\/\/schema.org\/CreativeWork\" ><div class='avia_textblock section-title-normal av_inherit_color'  itemprop=\"text\" ><h3 class=\"section-title normal color mb-40 mb-sm-40\">CTB Store<\/h3>\n<\/div><\/section><br \/>\n\n<style type=\"text\/css\" data-created_by=\"avia_inline_auto\" id=\"style-css-av-kfvnd2cp-c69809dcd6996fa8f6537429fa542a3e\">\n#top .hr.hr-invisible.av-kfvnd2cp-c69809dcd6996fa8f6537429fa542a3e{\nheight:50px;\n}\n<\/style>\n<div  class='hr av-kfvnd2cp-c69809dcd6996fa8f6537429fa542a3e hr-invisible  avia-builder-el-5  el_after_av_textblock  el_before_av_textblock '><span class='hr-inner '><span class=\"hr-inner-style\"><\/span><\/span><\/div><br \/>\n<section  class='av_textblock_section av-kfviyite-330c8e0a33f0679a0ec1ff3487dcf4cb '   itemscope=\"itemscope\" itemtype=\"https:\/\/schema.org\/CreativeWork\" ><div class='avia_textblock'  itemprop=\"text\" ><p>Joachim-Friedrich-Str. 30<br \/>\n10711 Berlin\/ at the Corner<br \/>\nPhone. +49 (0) 177 55 555 34 Mail. info@ctb-fit.de<\/p>\n<p>Opening hours \u00a0Monday until Friday:<br \/>\n9 a.m. to 6 p.m.<br \/>\n<span lang=\"en\">Special dates are possible on request.<\/span><\/p>\n<\/div><\/section><\/p><\/div><\/div><\/div><\/main><!-- close content main element --><\/div><\/div><div id='av_section_2'  class='avia-section av-kfvnatxk-75b61ac684274635a3a662368cba6cc3 main_color avia-section-large avia-no-shadow  avia-builder-el-7  el_after_av_section  el_before_av_section  small-wrapper avia-bg-style-scroll container_wrap fullsize'  ><div class='container av-section-cont-open' ><div class='template-page content  av-content-full alpha units'><div class='post-entry post-entry-type-page post-entry-456'><div class='entry-content-wrapper clearfix'>\n\n<style type=\"text\/css\" data-created_by=\"avia_inline_auto\" id=\"style-css-av-kfvixb64-26574fe3306d5011662d1ecc8f6252f0\">\n.flex_column.av-kfvixb64-26574fe3306d5011662d1ecc8f6252f0{\nborder-radius:0px 0px 0px 0px;\npadding:0px 0px 0px 0px;\n}\n<\/style>\n<div  class='flex_column av-kfvixb64-26574fe3306d5011662d1ecc8f6252f0 av_two_fifth  avia-builder-el-8  el_before_av_three_fifth  avia-builder-el-first  first av-break-at-tablet flex_column_div av-zero-column-padding  '     ><section  class='av_textblock_section av-kfvo5xnv-d1e1cf830e721d10fd1ba2f1ad94b902 '   itemscope=\"itemscope\" itemtype=\"https:\/\/schema.org\/CreativeWork\" ><div class='avia_textblock'  itemprop=\"text\" ><blockquote>\n<p style=\"text-align: center;\">\u201eDu kannst all die Reicht\u00fcmer und Erfolge der Welt haben, aber wenn Du nicht gesund bist, hast Du nichts.\u201c Steven Adler<\/p>\n<\/blockquote>\n<p style=\"text-align: center;\">Yvonne W\u00f6lke Gesch\u00e4ftsf\u00fchrerin<\/p>\n<\/div><\/section><\/div>\n<style type=\"text\/css\" data-created_by=\"avia_inline_auto\" id=\"style-css-av-kfvndze7-83c0fea4a1b3ae9d0c49398d63d67ed1\">\n.flex_column.av-kfvndze7-83c0fea4a1b3ae9d0c49398d63d67ed1{\nborder-radius:0px 0px 0px 0px;\npadding:0px 0px 0px 0px;\n}\n<\/style>\n<div  class='flex_column av-kfvndze7-83c0fea4a1b3ae9d0c49398d63d67ed1 av_three_fifth  avia-builder-el-10  el_after_av_two_fifth  avia-builder-el-last  av-break-at-tablet flex_column_div av-zero-column-padding  '     ><style type=\"text\/css\" data-created_by=\"avia_inline_auto\" id=\"style-css-av-kfvo3zcb-7e5abf22fbc15fb4f579d5ec13339d68\">\n.avia-image-container.av-kfvo3zcb-7e5abf22fbc15fb4f579d5ec13339d68 img.avia_image{\nbox-shadow:none;\n}\n.avia-image-container.av-kfvo3zcb-7e5abf22fbc15fb4f579d5ec13339d68 .av-image-caption-overlay-center{\ncolor:#ffffff;\n}\n<\/style>\n<div  class='avia-image-container av-kfvo3zcb-7e5abf22fbc15fb4f579d5ec13339d68 av-styling- avia-align-center  avia-builder-el-11  avia-builder-el-no-sibling '   itemprop=\"image\" itemscope=\"itemscope\" itemtype=\"https:\/\/schema.org\/ImageObject\" ><div class=\"avia-image-container-inner\"><div class=\"avia-image-overlay-wrap\"><img decoding=\"async\" fetchpriority=\"high\" class='wp-image-214 avia-img-lazy-loading-not-214 avia_image ' src=\"https:\/\/www.ctb-fit.de\/wp-content\/uploads\/2020\/10\/yvonne_woelke_ctb_store_west.jpg\" alt='' title='yvonne_woelke_ctb_store_west'  height=\"642\" width=\"1140\"  itemprop=\"thumbnailUrl\" srcset=\"https:\/\/www.ctb-fit.de\/wp-content\/uploads\/2020\/10\/yvonne_woelke_ctb_store_west.jpg 1140w, https:\/\/www.ctb-fit.de\/wp-content\/uploads\/2020\/10\/yvonne_woelke_ctb_store_west-300x169.jpg 300w, https:\/\/www.ctb-fit.de\/wp-content\/uploads\/2020\/10\/yvonne_woelke_ctb_store_west-1030x580.jpg 1030w, https:\/\/www.ctb-fit.de\/wp-content\/uploads\/2020\/10\/yvonne_woelke_ctb_store_west-768x433.jpg 768w, https:\/\/www.ctb-fit.de\/wp-content\/uploads\/2020\/10\/yvonne_woelke_ctb_store_west-705x397.jpg 705w\" sizes=\"(max-width: 1140px) 100vw, 1140px\" \/><\/div><\/div><\/div><\/div>\n<\/p>\n<\/div><\/div><\/div><!-- close content main div --><\/div><\/div>\n<style type=\"text\/css\" data-created_by=\"avia_inline_auto\" id=\"style-css-av-kfvjq5rm-50461310cc8a407897a6111ee027ca14\">\n.avia-section.av-kfvjq5rm-50461310cc8a407897a6111ee027ca14{\nbackground-color:#454545;\nbackground-image:unset;\n}\n<\/style>\n<div id='av_section_3'  class='avia-section av-kfvjq5rm-50461310cc8a407897a6111ee027ca14 alternate_color avia-section-huge avia-no-border-styling  avia-builder-el-12  el_after_av_section  el_before_av_image  small-wrapper avia-bg-style-scroll container_wrap fullsize'  ><div class='container av-section-cont-open' ><div class='template-page content  av-content-full alpha units'><div class='post-entry post-entry-type-page post-entry-456'><div class='entry-content-wrapper clearfix'>\n\n<style type=\"text\/css\" data-created_by=\"avia_inline_auto\" id=\"style-css-av-1izjv-5f7643a737d5582557da33ac45f9190e\">\n.flex_column.av-1izjv-5f7643a737d5582557da33ac45f9190e{\nborder-radius:0px 0px 0px 0px;\npadding:0px 0px 0px 0px;\n}\n<\/style>\n<div  class='flex_column av-1izjv-5f7643a737d5582557da33ac45f9190e av_two_fifth  avia-builder-el-13  el_before_av_three_fifth  avia-builder-el-first  first av-break-at-tablet flex_column_div av-zero-column-padding  '     ><style type=\"text\/css\" data-created_by=\"avia_inline_auto\" id=\"style-css-av-kfvjrfja-51749f5e5ec69a7ad3f74a2b7af1f5c0\">\n#top .av_textblock_section.av-kfvjrfja-51749f5e5ec69a7ad3f74a2b7af1f5c0 .avia_textblock{\nfont-size:40px;\ncolor:#ef7d00;\n}\n<\/style>\n<section  class='av_textblock_section av-kfvjrfja-51749f5e5ec69a7ad3f74a2b7af1f5c0 '   itemscope=\"itemscope\" itemtype=\"https:\/\/schema.org\/CreativeWork\" ><div class='avia_textblock section-title-normal av_inherit_color'  itemprop=\"text\" ><h3 class=\"section-title normal color mb-60 mb-sm-40\">Partner<\/h3>\n<\/div><\/section><\/div>\n<style type=\"text\/css\" data-created_by=\"avia_inline_auto\" id=\"style-css-av-q247-017eb828f6588630acdbd88c43e6fd2c\">\n.flex_column.av-q247-017eb828f6588630acdbd88c43e6fd2c{\nborder-radius:0px 0px 0px 0px;\npadding:0px 0px 0px 0px;\n}\n<\/style>\n<div  class='flex_column av-q247-017eb828f6588630acdbd88c43e6fd2c av_three_fifth  avia-builder-el-15  el_after_av_two_fifth  avia-builder-el-last  av-break-at-tablet flex_column_div av-zero-column-padding  '     ><section  class='av_textblock_section av-kfvjs21y-64b4e22649e1f6d907145d969d4780f3 '   itemscope=\"itemscope\" itemtype=\"https:\/\/schema.org\/CreativeWork\" ><div class='avia_textblock'  itemprop=\"text\" ><p>Cooperative partnership and medical staff through:<\/p>\n<h4>Dr. Michael Krueger<\/h4>\n<h5>shape and beauty Kurf\u00fcrstendamm 33 10719 Berlin<\/h5>\n<\/div><\/section><\/div>\n<\/div><\/div><\/div><!-- close content main div --><\/div><\/div><div id='after_section_3'  class='main_color av_default_container_wrap container_wrap fullsize'  ><div class='container av-section-cont-open' ><div class='template-page content  av-content-full alpha units'><div class='post-entry post-entry-type-page post-entry-456'><div class='entry-content-wrapper clearfix'>\n\n<style type=\"text\/css\" data-created_by=\"avia_inline_auto\" id=\"style-css-av-kgf84x0r-703476880353f5e6f087d3c6cbf5aa86\">\n.avia-image-container.av-kgf84x0r-703476880353f5e6f087d3c6cbf5aa86 img.avia_image{\nbox-shadow:none;\n}\n.avia-image-container.av-kgf84x0r-703476880353f5e6f087d3c6cbf5aa86 .av-image-caption-overlay-center{\ncolor:#ffffff;\n}\n<\/style>\n<div  class='avia-image-container av-kgf84x0r-703476880353f5e6f087d3c6cbf5aa86 av-styling- avia-align-center  avia-builder-el-17  el_after_av_section  avia-builder-el-no-sibling '   itemprop=\"image\" itemscope=\"itemscope\" itemtype=\"https:\/\/schema.org\/ImageObject\" ><div class=\"avia-image-container-inner\"><div class=\"avia-image-overlay-wrap\"><a href=\"https:\/\/www.google.com\/maps\/place\/CTB+Cryotherapie\/@52.4981994,13.29552,15z\/data=!4m5!3m4!1s0x0:0xa4280d47366a42e8!8m2!3d52.4981994!4d13.29552\" class='avia_image' target=\"_blank\" rel=\"noopener noreferrer\" aria-label='Bildschirmfoto von 2020-10-05 00-45-00'><img decoding=\"async\" fetchpriority=\"high\" class='wp-image-226 avia-img-lazy-loading-not-226 avia_image ' src=\"https:\/\/www.ctb-fit.de\/wp-content\/uploads\/2020\/10\/Bildschirmfoto-von-2020-10-05-00-45-00.jpg\" alt='' title='Bildschirmfoto von 2020-10-05 00-45-00'  height=\"467\" width=\"1905\"  itemprop=\"thumbnailUrl\" srcset=\"https:\/\/www.ctb-fit.de\/wp-content\/uploads\/2020\/10\/Bildschirmfoto-von-2020-10-05-00-45-00.jpg 1905w, https:\/\/www.ctb-fit.de\/wp-content\/uploads\/2020\/10\/Bildschirmfoto-von-2020-10-05-00-45-00-300x74.jpg 300w, https:\/\/www.ctb-fit.de\/wp-content\/uploads\/2020\/10\/Bildschirmfoto-von-2020-10-05-00-45-00-1030x252.jpg 1030w, https:\/\/www.ctb-fit.de\/wp-content\/uploads\/2020\/10\/Bildschirmfoto-von-2020-10-05-00-45-00-768x188.jpg 768w, https:\/\/www.ctb-fit.de\/wp-content\/uploads\/2020\/10\/Bildschirmfoto-von-2020-10-05-00-45-00-1536x377.jpg 1536w, https:\/\/www.ctb-fit.de\/wp-content\/uploads\/2020\/10\/Bildschirmfoto-von-2020-10-05-00-45-00-1500x368.jpg 1500w, https:\/\/www.ctb-fit.de\/wp-content\/uploads\/2020\/10\/Bildschirmfoto-von-2020-10-05-00-45-00-705x173.jpg 705w\" sizes=\"(max-width: 1905px) 100vw, 1905px\" \/><\/a><\/div><\/div><\/div>\n","protected":false},"excerpt":{"rendered":"","protected":false},"author":4,"featured_media":0,"parent":0,"menu_order":0,"comment_status":"closed","ping_status":"closed","template":"","meta":{"footnotes":""},"class_list":["post-456","page","type-page","status-publish","hentry"],"yoast_head":"<!-- This site is optimized with the Yoast SEO plugin v25.6 - https:\/\/yoast.com\/wordpress\/plugins\/seo\/ -->\n<title>Contact - CTB<\/title>\n<meta name=\"robots\" content=\"index, follow, max-snippet:-1, max-image-preview:large, max-video-preview:-1\" \/>\n<link rel=\"canonical\" href=\"https:\/\/www.ctb-fit.de\/en\/ctb-store\/\" \/>\n<meta property=\"og:locale\" content=\"en_US\" \/>\n<meta property=\"og:type\" content=\"article\" \/>\n<meta property=\"og:title\" content=\"Contact - CTB\" \/>\n<meta property=\"og:url\" content=\"https:\/\/www.ctb-fit.de\/en\/ctb-store\/\" \/>\n<meta property=\"og:site_name\" content=\"CTB\" \/>\n<meta property=\"article:modified_time\" content=\"2021-01-21T11:25:42+00:00\" \/>\n<meta name=\"twitter:card\" content=\"summary_large_image\" \/>\n<meta name=\"twitter:label1\" content=\"Est. reading time\" \/>\n\t<meta name=\"twitter:data1\" content=\"8 minutes\" \/>\n<script type=\"application\/ld+json\" class=\"yoast-schema-graph\">{\"@context\":\"https:\/\/schema.org\",\"@graph\":[{\"@type\":\"WebPage\",\"@id\":\"https:\/\/www.ctb-fit.de\/en\/ctb-store\/\",\"url\":\"https:\/\/www.ctb-fit.de\/en\/ctb-store\/\",\"name\":\"Contact - CTB\",\"isPartOf\":{\"@id\":\"https:\/\/www.ctb-fit.de\/#website\"},\"datePublished\":\"2020-12-11T14:39:45+00:00\",\"dateModified\":\"2021-01-21T11:25:42+00:00\",\"breadcrumb\":{\"@id\":\"https:\/\/www.ctb-fit.de\/en\/ctb-store\/#breadcrumb\"},\"inLanguage\":\"en-US\",\"potentialAction\":[{\"@type\":\"ReadAction\",\"target\":[\"https:\/\/www.ctb-fit.de\/en\/ctb-store\/\"]}]},{\"@type\":\"BreadcrumbList\",\"@id\":\"https:\/\/www.ctb-fit.de\/en\/ctb-store\/#breadcrumb\",\"itemListElement\":[{\"@type\":\"ListItem\",\"position\":1,\"name\":\"Startseite\",\"item\":\"https:\/\/www.ctb-fit.de\/en\/home\/\"},{\"@type\":\"ListItem\",\"position\":2,\"name\":\"Contact\"}]},{\"@type\":\"WebSite\",\"@id\":\"https:\/\/www.ctb-fit.de\/#website\",\"url\":\"https:\/\/www.ctb-fit.de\/\",\"name\":\"CTB\",\"description\":\"Cryotherapie in Berlin\",\"publisher\":{\"@id\":\"https:\/\/www.ctb-fit.de\/#organization\"},\"potentialAction\":[{\"@type\":\"SearchAction\",\"target\":{\"@type\":\"EntryPoint\",\"urlTemplate\":\"https:\/\/www.ctb-fit.de\/?s={search_term_string}\"},\"query-input\":{\"@type\":\"PropertyValueSpecification\",\"valueRequired\":true,\"valueName\":\"search_term_string\"}}],\"inLanguage\":\"en-US\"},{\"@type\":\"Organization\",\"@id\":\"https:\/\/www.ctb-fit.de\/#organization\",\"name\":\"CTB\",\"url\":\"https:\/\/www.ctb-fit.de\/\",\"logo\":{\"@type\":\"ImageObject\",\"inLanguage\":\"en-US\",\"@id\":\"https:\/\/www.ctb-fit.de\/#\/schema\/logo\/image\/\",\"url\":\"https:\/\/www.ctb-fit.de\/wp-content\/uploads\/2020\/10\/favicon.png\",\"contentUrl\":\"https:\/\/www.ctb-fit.de\/wp-content\/uploads\/2020\/10\/favicon.png\",\"width\":90,\"height\":90,\"caption\":\"CTB\"},\"image\":{\"@id\":\"https:\/\/www.ctb-fit.de\/#\/schema\/logo\/image\/\"}}]}<\/script>\n<!-- \/ Yoast SEO plugin. -->","yoast_head_json":{"title":"Contact - CTB","robots":{"index":"index","follow":"follow","max-snippet":"max-snippet:-1","max-image-preview":"max-image-preview:large","max-video-preview":"max-video-preview:-1"},"canonical":"https:\/\/www.ctb-fit.de\/en\/ctb-store\/","og_locale":"en_US","og_type":"article","og_title":"Contact - CTB","og_url":"https:\/\/www.ctb-fit.de\/en\/ctb-store\/","og_site_name":"CTB","article_modified_time":"2021-01-21T11:25:42+00:00","twitter_card":"summary_large_image","twitter_misc":{"Est. reading time":"8 minutes"},"schema":{"@context":"https:\/\/schema.org","@graph":[{"@type":"WebPage","@id":"https:\/\/www.ctb-fit.de\/en\/ctb-store\/","url":"https:\/\/www.ctb-fit.de\/en\/ctb-store\/","name":"Contact - CTB","isPartOf":{"@id":"https:\/\/www.ctb-fit.de\/#website"},"datePublished":"2020-12-11T14:39:45+00:00","dateModified":"2021-01-21T11:25:42+00:00","breadcrumb":{"@id":"https:\/\/www.ctb-fit.de\/en\/ctb-store\/#breadcrumb"},"inLanguage":"en-US","potentialAction":[{"@type":"ReadAction","target":["https:\/\/www.ctb-fit.de\/en\/ctb-store\/"]}]},{"@type":"BreadcrumbList","@id":"https:\/\/www.ctb-fit.de\/en\/ctb-store\/#breadcrumb","itemListElement":[{"@type":"ListItem","position":1,"name":"Startseite","item":"https:\/\/www.ctb-fit.de\/en\/home\/"},{"@type":"ListItem","position":2,"name":"Contact"}]},{"@type":"WebSite","@id":"https:\/\/www.ctb-fit.de\/#website","url":"https:\/\/www.ctb-fit.de\/","name":"CTB","description":"Cryotherapie in Berlin","publisher":{"@id":"https:\/\/www.ctb-fit.de\/#organization"},"potentialAction":[{"@type":"SearchAction","target":{"@type":"EntryPoint","urlTemplate":"https:\/\/www.ctb-fit.de\/?s={search_term_string}"},"query-input":{"@type":"PropertyValueSpecification","valueRequired":true,"valueName":"search_term_string"}}],"inLanguage":"en-US"},{"@type":"Organization","@id":"https:\/\/www.ctb-fit.de\/#organization","name":"CTB","url":"https:\/\/www.ctb-fit.de\/","logo":{"@type":"ImageObject","inLanguage":"en-US","@id":"https:\/\/www.ctb-fit.de\/#\/schema\/logo\/image\/","url":"https:\/\/www.ctb-fit.de\/wp-content\/uploads\/2020\/10\/favicon.png","contentUrl":"https:\/\/www.ctb-fit.de\/wp-content\/uploads\/2020\/10\/favicon.png","width":90,"height":90,"caption":"CTB"},"image":{"@id":"https:\/\/www.ctb-fit.de\/#\/schema\/logo\/image\/"}}]}},"_links":{"self":[{"href":"https:\/\/www.ctb-fit.de\/en\/wp-json\/wp\/v2\/pages\/456"}],"collection":[{"href":"https:\/\/www.ctb-fit.de\/en\/wp-json\/wp\/v2\/pages"}],"about":[{"href":"https:\/\/www.ctb-fit.de\/en\/wp-json\/wp\/v2\/types\/page"}],"author":[{"embeddable":true,"href":"https:\/\/www.ctb-fit.de\/en\/wp-json\/wp\/v2\/users\/4"}],"replies":[{"embeddable":true,"href":"https:\/\/www.ctb-fit.de\/en\/wp-json\/wp\/v2\/comments?post=456"}],"version-history":[{"count":9,"href":"https:\/\/www.ctb-fit.de\/en\/wp-json\/wp\/v2\/pages\/456\/revisions"}],"predecessor-version":[{"id":567,"href":"https:\/\/www.ctb-fit.de\/en\/wp-json\/wp\/v2\/pages\/456\/revisions\/567"}],"wp:attachment":[{"href":"https:\/\/www.ctb-fit.de\/en\/wp-json\/wp\/v2\/media?parent=456"}],"curies":[{"name":"wp","href":"https:\/\/api.w.org\/{rel}","templated":true}]}}